{"id":4204,"date":"2017-12-06T13:27:09","date_gmt":"2017-12-06T16:27:09","guid":{"rendered":"https:\/\/www.caturismomedico.org\/?page_id=4204&#038;lang=en"},"modified":"2017-12-06T13:33:28","modified_gmt":"2017-12-06T16:33:28","slug":"diagnostico-medico-orono","status":"publish","type":"page","link":"https:\/\/www.caturismomedico.org\/en\/clinics\/diagnostico-medico-orono\/","title":{"rendered":"Diagnostico M\u00e9dico Oro\u00f1o"},"content":{"rendered":"<div class='two_third'>\n\t\t\t\t\t[separator headline=&#8221;h3&#8243; title=&#8221; Diagnostico M\u00e9dico Oro\u00f1o&#8221;]<\/p>\n<p>Desde 1978, Diagn\u00f3stico M\u00e9dico Oro\u00f1o es el centro de diagn\u00f3stico por im\u00e1genes m\u00e1s destacado de la regi\u00f3n, con un concepto profesional y un estilo de trabajo basados en una premisa fundamental: brindar servicios m\u00e9dicos de la m\u00e1s alta calidad profesional y humana,\ncon un soporte tecnol\u00f3gico de vanguardia y en constante actualizaci\u00f3n.<\/p>\n<p>Esto es posible gracias a su excelente equipo de m\u00e9dicos y t\u00e9cnicos altamente capacitados,\nal ritmo de los constantes avances tecnol\u00f3gicos. De esta manera, equipo profesional\ny equipamiento interact\u00faan y se complementan entre s\u00ed para obtener resultados precisos\nen todas y cada una de las especialidades.<\/p>\n<p>Todas las especialidades que integran Diagn\u00f3stico M\u00e9dico Oro\u00f1o conforman \u00e1reas espec\u00edficas\ny complementarias, con profesionales altamente especializados en el pais y en los m\u00e1sjerarquizados hospitales y Universidades del extranjero, especialmente EEUU, Brasil\ny Europa.<\/p>\n<p>Hoy cuenta con m\u00e1s de 37 a\u00f1os de trayectoria. Lo que empez\u00f3 con un grupo de j\u00f3venes m\u00e9dicos y un tom\u00f3grafo computado, hoy ofrece la m\u00e1s amplia y avanzada variedad de estudios m\u00e9dicos por im\u00e1genes del interior del pa\u00eds, con un equipo de trabajo de 90 profesionales altamente capacitados que realizan m\u00e1s de 400.000 estudios al a\u00f1o.\nM\u00e1s de 37 a\u00f1os brindando la mejor imagen, siempre imaginando el futuro de la medicina.<\/p>\n<p>[separator headline=&#8221;h3&#8243; title=&#8221;Listado de especialidades&#8221;]<\/p>\n<ul>\n<li>Depto. de Im\u00e1genes Genitourinarias<\/li>\n<li>Dermatoscop\u00eda Digital<\/li>\n<li>Diagn\u00f3stico Bioqu\u00edmico<\/li>\n<li>Diagn\u00f3stico Pedi\u00e1trico<\/li>\n<li>Dpto. \u00d3seo Articular y M\u00fasculo tendinoso<\/li>\n<li>Ecograf\u00eda<\/li>\n<li>Elas, Diagn\u00f3stico de la Mujer<\/li>\n<li>Im\u00e1genes Odontol\u00f3gicas<\/li>\n<li>Im\u00e1genes y Deporte<\/li>\n<li>Intervencionismo Diagn\u00f3stico<\/li>\n<li>Litotricia Extracorp\u00f3rea<\/li>\n<li>Medicina nuclear<\/li>\n<li>Quantum, Anatom\u00eda Patol\u00f3gica<\/li>\n<li>Radiolog\u00eda Digital Directa<\/li>\n<li>Resonancia<\/li>\n<li>Tomograf\u00eda computada<\/li>\n<li>Videoendoscop\u00eda<\/li>\n<\/ul>\n<p>&nbsp;<\/p>\n\t\t\t\t<\/div>\n<div class='one_third et_column_last'>\n\t\t\t\t\t[member name=&#8221; Diagnostico M\u00e9dico Oro\u00f1o&#8221; role=&#8221; Diagnostico M\u00e9dico Oro\u00f1o&#8221; img=&#8221;http:\/\/www.caturismomedico.org\/wp-content\/uploads\/2017\/12\/dmo.jpg&#8221;]Rosario, Santa Fe, Argentina[\/member]\n[gap height=&#8221;30&#8243;]<\/p>\n<p>[separator headline=&#8221;h3&#8243; title=&#8221;Datos&#8221;]<\/p>\n<div class='et-box et-shadow'>\n\t\t\t\t\t<div class='et-box-content'>[list]\n[list_item icon=&#8221;map-marker&#8221;]<\/p>\n<ul>\n<li>Oro\u00f1o 1515 \/ 1526<\/li>\n<li>2000 Rosario, Santa fe<\/li>\n<\/ul>\n<p>[\/list_item]\n[list_item icon=&#8221;ok&#8221;]Telefax: (0341) 523 2323 \/ 525 2200[\/list_item]\n[list_item icon=&#8221;envelope&#8221;]<a href=\"mailto:info@diagmedico.com\">info@diagmedico.com<\/a>[\/list_item]\n[list_item icon=&#8221;globe&#8221;]<a href=\"http:\/\/www.diagmedico.com\">www.diagmedico.com<\/a>[\/list_item]\n[\/list]\n[list]\n[\/list]<\/div><\/div>\n<p>[gap height=&#8221;20&#8243;]<\/p>\n\t\t\t\t<\/div><div class='clear'><\/div>\n","protected":false},"excerpt":{"rendered":"","protected":false},"author":1,"featured_media":0,"parent":2613,"menu_order":0,"comment_status":"closed","ping_status":"closed","template":"","meta":{"_et_pb_use_builder":"","_et_pb_old_content":"","_et_gb_content_width":"","footnotes":""},"class_list":["post-4204","page","type-page","status-publish","hentry"],"_links":{"self":[{"href":"https:\/\/www.caturismomedico.org\/en\/wp-json\/wp\/v2\/pages\/4204","targetHints":{"allow":["GET"]}}],"collection":[{"href":"https:\/\/www.caturismomedico.org\/en\/wp-json\/wp\/v2\/pages"}],"about":[{"href":"https:\/\/www.caturismomedico.org\/en\/wp-json\/wp\/v2\/types\/page"}],"author":[{"embeddable":true,"href":"https:\/\/www.caturismomedico.org\/en\/wp-json\/wp\/v2\/users\/1"}],"replies":[{"embeddable":true,"href":"https:\/\/www.caturismomedico.org\/en\/wp-json\/wp\/v2\/comments?post=4204"}],"version-history":[{"count":0,"href":"https:\/\/www.caturismomedico.org\/en\/wp-json\/wp\/v2\/pages\/4204\/revisions"}],"up":[{"embeddable":true,"href":"https:\/\/www.caturismomedico.org\/en\/wp-json\/wp\/v2\/pages\/2613"}],"wp:attachment":[{"href":"https:\/\/www.caturismomedico.org\/en\/wp-json\/wp\/v2\/media?parent=4204"}],"curies":[{"name":"wp","href":"https:\/\/api.w.org\/{rel}","templated":true}]}}