{"id":2942,"date":"2014-11-21T17:28:36","date_gmt":"2014-11-21T20:28:36","guid":{"rendered":"https:\/\/www.caturismomedico.orgabout-medicina-argentina\/comision-directiva\/"},"modified":"2025-07-11T12:45:20","modified_gmt":"2025-07-11T15:45:20","slug":"comision-directiva","status":"publish","type":"page","link":"https:\/\/www.caturismomedico.org\/en\/about-medicina-argentina\/comision-directiva\/","title":{"rendered":"CIAPSA: Comisi\u00f3n Directiva"},"content":{"rendered":"<p>[et_pb_section fb_built=&#8221;1&#8243; admin_label=&#8221;Hero&#8221; _builder_version=&#8221;4.19.4&#8243; use_background_color_gradient=&#8221;on&#8221; background_color_gradient_stops=&#8221;#ffffff 0%|#f1f5f7 97%&#8221; custom_padding=&#8221;0|0px|54px|0px|false|false&#8221; bottom_divider_height=&#8221;0px&#8221; border_width_bottom=&#8221;1px&#8221; border_color_bottom=&#8221;#efefef&#8221; global_colors_info=&#8221;{}&#8221;][et_pb_row column_structure=&#8221;1_2,1_2&#8243; _builder_version=&#8221;4.16&#8243; width=&#8221;100%&#8221; max_width=&#8221;100%&#8221; custom_margin=&#8221;|||&#8221; custom_margin_tablet=&#8221;||0px|&#8221; custom_margin_phone=&#8221;&#8221; custom_margin_last_edited=&#8221;on|desktop&#8221; custom_padding=&#8221;0|0px|27px|0px|false|false&#8221; use_custom_width=&#8221;on&#8221; width_unit=&#8221;off&#8221; custom_width_percent=&#8221;100%&#8221; global_colors_info=&#8221;{}&#8221;][et_pb_column type=&#8221;1_2&#8243; _builder_version=&#8221;4.16&#8243; custom_padding=&#8221;6%||6%|12%&#8221; custom_padding_tablet=&#8221;50px|50px|50px|50px&#8221; custom_padding_phone=&#8221;50px|50px|50px|50px&#8221; custom_padding_last_edited=&#8221;on|tablet&#8221; global_colors_info=&#8221;{}&#8221; padding_tablet=&#8221;50px|50px|50px|50px&#8221; padding_last_edited=&#8221;on|tablet&#8221; custom_padding__hover=&#8221;|||&#8221; padding_phone=&#8221;50px|50px|50px|50px&#8221;][et_pb_image src=&#8221;http:\/\/www.caturismomedico.org\/wp-content\/uploads\/2023\/01\/comision-4.png&#8221; title_text=&#8221;comision&#8221; _builder_version=&#8221;4.19.4&#8243; width=&#8221;64px&#8221; max_width=&#8221;64px&#8221; module_alignment=&#8221;center&#8221; always_center_on_mobile=&#8221;off&#8221; global_colors_info=&#8221;{}&#8221;][\/et_pb_image][et_pb_text _builder_version=&#8221;4.19.4&#8243; text_font=&#8221;Montserrat|300|||||||&#8221; text_text_color=&#8221;#677a92&#8243; text_line_height=&#8221;1.8em&#8221; header_font=&#8221;Montserrat||||||||&#8221; header_font_size=&#8221;50px&#8221; header_line_height=&#8221;1.3em&#8221; header_2_font=&#8221;||||||||&#8221; max_width=&#8221;600px&#8221; custom_margin=&#8221;|||&#8221; custom_margin_tablet=&#8221;0px|50px||50px&#8221; custom_margin_phone=&#8221;|20px||&#8221; custom_margin_last_edited=&#8221;off|desktop&#8221; custom_padding=&#8221;|||&#8221; text_line_height_tablet=&#8221;1.8em&#8221; text_line_height_phone=&#8221;1.8em&#8221; text_line_height_last_edited=&#8221;on|phone&#8221; header_font_size_tablet=&#8221;&#8221; header_font_size_phone=&#8221;36px&#8221; header_font_size_last_edited=&#8221;on|phone&#8221; header_2_font_size_phone=&#8221;30px&#8221; header_2_font_size_last_edited=&#8221;off|desktop&#8221; locked=&#8221;off&#8221; global_colors_info=&#8221;{}&#8221;]<\/p>\n<h1>Comisi\u00f3n Directiva<\/h1>\n<p>[\/et_pb_text][et_pb_text _builder_version=&#8221;4.25.1&#8243; text_font=&#8221;Montserrat|300|||||||&#8221; text_line_height=&#8221;2em&#8221; link_font=&#8221;||||||||&#8221; ul_font=&#8221;||||||||&#8221; ol_font=&#8221;||||||||&#8221; quote_font=&#8221;||||||||&#8221; header_font=&#8221;||||||||&#8221; header_2_font=&#8221;Montserrat|300|||||||&#8221; header_2_text_color=&#8221;#212d3b&#8221; header_2_font_size=&#8221;40px&#8221; header_2_line_height=&#8221;1.5em&#8221; max_width=&#8221;600px&#8221; custom_margin=&#8221;|||&#8221; custom_margin_tablet=&#8221;0px|50px||50px&#8221; custom_margin_last_edited=&#8221;off|desktop&#8221; custom_padding=&#8221;|||&#8221; locked=&#8221;off&#8221; global_colors_info=&#8221;{}&#8221;]<\/p>\n<p>Las autoridades de la C\u00e1mara de Instituciones Argentinas para la Promoci\u00f3n de la Salud son:<\/p>\n<p><strong>Presidente:<\/strong> Mariana Sciarretta \u2013 Hospital Brit\u00e1nico<br \/><strong>Vicepresidente:<\/strong> Carlos Castellano \u2013 ALCLA<br \/><strong>Secretaria:<\/strong> Elisabeth Boerr \u2013 Hospital Alem\u00e1n<br \/><strong>Prosecretaria:<\/strong> Marcela Lagunas &#8211; Fleni<br \/><strong>Tesorero:<\/strong> Carlos Traseira &#8211; Xetica<\/p>\n<p><strong>Vocales:<\/strong><br \/>Andr\u00e9s Marcucci &#8211; IADT<br \/>Diego Bernardez\u2013 Hospital Austral<br \/>Pablo Paltrinieri \u2013 Hospital Privado de C\u00f3rdoba<br \/>Marcos Lozada \u2013 Sanatorio Allende<br \/>Fernando Pinto \u2013 Cl\u00ednica Bazterrica<br \/>Miguel Can\u00e9 (h) \u2013 Posada del Qenti<\/p>\n<p><strong>Comisi\u00f3n revisi\u00f3n de cuentas:<\/strong><br \/>Pablo Argiles &#8211; Intecnus<\/p>\n<p><strong>Vocales suplentes:<\/strong><br \/>Paola Isturiz \u2013 Vidt<br \/>Octavio Trocca \u2013 Sanatorio Finochietto<\/p>\n<p><strong>Presidente Honorario:<\/strong><br \/>Miguel Can\u00e9 \u2013 Posada del Qenti<\/p>\n<p>[\/et_pb_text][\/et_pb_column][et_pb_column type=&#8221;1_2&#8243; _builder_version=&#8221;4.16&#8243; custom_padding=&#8221;|||&#8221; global_colors_info=&#8221;{}&#8221; custom_padding__hover=&#8221;|||&#8221;][et_pb_image src=&#8221;http:\/\/www.caturismomedico.org\/wp-content\/uploads\/2023\/01\/comision-directiva.jpg&#8221; title_text=&#8221;comision directiva&#8221; force_fullwidth=&#8221;on&#8221; align_tablet=&#8221;center&#8221; align_phone=&#8221;center&#8221; align_last_edited=&#8221;on|desktop&#8221; _builder_version=&#8221;4.19.4&#8243; custom_margin=&#8221;|||&#8221; custom_padding=&#8221;|||&#8221; border_radii=&#8221;|24vw|||24vw&#8221; border_color_all=&#8221;#0ee1f4&#8243; border_width_left=&#8221;2vw&#8221; border_color_left=&#8221;#37dfff&#8221; box_shadow_style=&#8221;preset4&#8243; box_shadow_horizontal=&#8221;-30px&#8221; box_shadow_spread=&#8221;-10px&#8221; box_shadow_color=&#8221;rgba(14,225,244,0.33)&#8221; global_colors_info=&#8221;{}&#8221;][\/et_pb_image][\/et_pb_column][\/et_pb_row][\/et_pb_section]<\/p>\n","protected":false},"excerpt":{"rendered":"<p>Comisi\u00f3n DirectivaLas autoridades de la C\u00e1mara de Instituciones Argentinas para la Promoci\u00f3n de la Salud son: Presidente: Mariana Sciarretta \u2013 Hospital Brit\u00e1nicoVicepresidente: Carlos Castellano \u2013 ALCLASecretaria: Elisabeth Boerr \u2013 Hospital Alem\u00e1nProsecretaria: Marcela Lagunas &#8211; FleniTesorero: Carlos Traseira &#8211; Xetica Vocales:Andr\u00e9s Marcucci &#8211; IADTDiego Bernardez\u2013 Hospital AustralPablo Paltrinieri \u2013 Hospital Privado de C\u00f3rdobaMarcos Lozada \u2013 Sanatorio [&hellip;]<\/p>\n","protected":false},"author":1,"featured_media":0,"parent":2545,"menu_order":0,"comment_status":"closed","ping_status":"closed","template":"","meta":{"_et_pb_use_builder":"on","_et_pb_old_content":"[one_half]\r\n<img class=\"alignright size-full wp-image-2812\" src=\"http:\/\/www.caturismomedico.org\/wp-content\/uploads\/2014\/09\/slider_04.jpg\" alt=\"INPROTUR\" width=\"415\" height=\"230\" \/>\r\n[\/one_half]\r\n\r\n[one_half_last]\r\n[gap height=\"10\"]\r\n\r\nLas autoridades de la C\u00e1mara de Instituciones Argentinas para la Promoci\u00f3n de la Salud son:\r\n\r\n<strong>Presidente<\/strong>\r\nMiguel Can\u00e9, LA POSADA DEL QENTI\r\n\r\n<strong>Vicepresidente 1\u00b0<\/strong>\r\nEnrique P\u00e9rez Gras, HOSPITAL AUSTRAL\r\n<strong>Vicepresidente 2\u00b0<\/strong>\r\nPablo Paltrinieri, HOSPITAL PRIVADO DE CORDOBA\r\n\r\n<strong>Secretaria<\/strong>\r\nElisabeth Boerr, HOSPITAL ALEMAN\r\n\r\n<strong>Tesorero<\/strong>\r\nCarlos Traseira, XETICA\r\n\r\n<strong>Vocales\r\n<\/strong>Gustavo Cerezo, ICBA\r\nMariana Sciarretta, HOSPITAL BRITANICO\r\nRomina Deganutti, SANATORIO ALLENDE (C\u00f3rdoba)\r\n\r\n<strong>Revisor de Cuentas<\/strong>\r\nPablo Argiles, INTECNUS (Bariloche)\r\n[gap height=\"10\"]\r\n[button link=\"http:\/\/www.caturismomedico.org\/contacto\/\" size=\"medium\" style=\"light\" lightbox=\"false\"]Contactarse[\/button]\r\n[\/one_half_last]","_et_gb_content_width":"","footnotes":""},"class_list":["post-2942","page","type-page","status-publish","hentry"],"_links":{"self":[{"href":"https:\/\/www.caturismomedico.org\/en\/wp-json\/wp\/v2\/pages\/2942","targetHints":{"allow":["GET"]}}],"collection":[{"href":"https:\/\/www.caturismomedico.org\/en\/wp-json\/wp\/v2\/pages"}],"about":[{"href":"https:\/\/www.caturismomedico.org\/en\/wp-json\/wp\/v2\/types\/page"}],"author":[{"embeddable":true,"href":"https:\/\/www.caturismomedico.org\/en\/wp-json\/wp\/v2\/users\/1"}],"replies":[{"embeddable":true,"href":"https:\/\/www.caturismomedico.org\/en\/wp-json\/wp\/v2\/comments?post=2942"}],"version-history":[{"count":0,"href":"https:\/\/www.caturismomedico.org\/en\/wp-json\/wp\/v2\/pages\/2942\/revisions"}],"up":[{"embeddable":true,"href":"https:\/\/www.caturismomedico.org\/en\/wp-json\/wp\/v2\/pages\/2545"}],"wp:attachment":[{"href":"https:\/\/www.caturismomedico.org\/en\/wp-json\/wp\/v2\/media?parent=2942"}],"curies":[{"name":"wp","href":"https:\/\/api.w.org\/{rel}","templated":true}]}}